{"id":8150,"date":"2017-10-10T07:25:17","date_gmt":"2017-10-10T05:25:17","guid":{"rendered":"https:\/\/www.muehles.de\/?page_id=8150"},"modified":"2019-08-12T09:38:21","modified_gmt":"2019-08-12T07:38:21","slug":"tourenuebersicht","status":"publish","type":"page","link":"https:\/\/www.muehles.de\/?page_id=8150","title":{"rendered":"Touren\u00fcbersicht"},"content":{"rendered":"<strong>Ausgew\u00e4hlte Touren<\/strong>\r\nStrecke \u00fcber 11 km, Anstieg \u00fcber 800 m, Dauer \u00fcber 4 Stunden\r\n\n<table id=\"tablepress-4\" class=\"tablepress tablepress-id-4\">\n<thead>\n<tr class=\"row-1\">\n\t<th class=\"column-1\">Tour<\/th><th class=\"column-2\">Grad<\/th><th class=\"column-3\">Besonderheiten<\/th><th class=\"column-4\">L\u00e4nge<\/th><th class=\"column-5\">Dauer<\/th><th class=\"column-6\">Aufstieg<\/th><th class=\"column-7\">Max. H\u00f6he<\/th><th class=\"column-8\">Link<\/th>\n<\/tr>\n<\/thead>\n<tbody class=\"row-striping row-hover\">\n<tr class=\"row-2\">\n\t<td class=\"column-1\">Vilser Alm - Vilser Scharte - Vilser J\u00f6chl - Vilser Alm<\/td><td class=\"column-2\">schwer<\/td><td class=\"column-3\">Gr\u00e4ner H\u00f6henweg<\/td><td class=\"column-4\">16,2 km<\/td><td class=\"column-5\">5:10 h<\/td><td class=\"column-6\">1 236 m<\/td><td class=\"column-7\">1 902 m<\/td><td class=\"column-8\"><a href=\"https:\/\/www.muehles.de\/?p=11219\" target=\"_blank\" rel=\"noopener noreferrer\">2019-09-22<\/a><\/td>\n<\/tr>\n<tr class=\"row-3\">\n\t<td class=\"column-1\">Landsberger H\u00fctte - Schrecksee - Vilsalpsee<\/td><td class=\"column-2\">schwer<\/td><td class=\"column-3\">Saalfelder H\u00f6henweg<\/td><td class=\"column-4\">15,2 km<\/td><td class=\"column-5\">6:45 h<\/td><td class=\"column-6\">&nbsp;&nbsp;808 m<\/td><td class=\"column-7\">2 067 m<\/td><td class=\"column-8\"><a href=\"https:\/\/www.muehles.de\/?p=10952\" target=\"_blank\" rel=\"noopener noreferrer\">2019-08-03<\/a><\/td>\n<\/tr>\n<tr class=\"row-4\">\n\t<td class=\"column-1\">Gro\u00dfe Schlicke<\/td><td class=\"column-2\">schwer<\/td><td class=\"column-3\">Vilser Scharte<\/td><td class=\"column-4\">15,9 km<\/td><td class=\"column-5\">4:55 h<\/td><td class=\"column-6\">1 218 m<\/td><td class=\"column-7\">2 059 m<\/td><td class=\"column-8\"><a href=\"https:\/\/www.muehles.de\/?p=10880\" target=\"_blank\" rel=\"noopener noreferrer\">2019-07-15<\/a><\/td>\n<\/tr>\n<tr class=\"row-5\">\n\t<td class=\"column-1\">F\u00fcssener H\u00fctte<\/td><td class=\"column-2\">mittel<\/td><td class=\"column-3\">Musauer Alm<\/td><td class=\"column-4\">14,4 km<\/td><td class=\"column-5\">3:15 h<\/td><td class=\"column-6\">&nbsp;&nbsp;688 m<\/td><td class=\"column-7\">1 542 m<\/td><td class=\"column-8\"><a href=\"https:\/\/www.muehles.de\/?p=10207\" target=\"_blank\" rel=\"noopener noreferrer\">2019-06-02<\/a><\/td>\n<\/tr>\n<tr class=\"row-6\">\n\t<td class=\"column-1\">Kloster Lluc nach Pollenca<\/td><td class=\"column-2\">mittel<\/td><td class=\"column-3\">Serra de Tramuntana<\/td><td class=\"column-4\">18,5 km<\/td><td class=\"column-5\">4:25 h<\/td><td class=\"column-6\">&nbsp;&nbsp;265 m<\/td><td class=\"column-7\">&nbsp;&nbsp;695 m<\/td><td class=\"column-8\"><a href=\"https:\/\/www.muehles.de\/?p=10030\" target=\"_blank\" rel=\"noopener noreferrer\">2019-05-10<\/a><\/td>\n<\/tr>\n<tr class=\"row-7\">\n\t<td class=\"column-1\">Cuber Stausee zum Kloster Lluc<\/td><td class=\"column-2\">mittel<\/td><td class=\"column-3\">Serra de Tramuntana<\/td><td class=\"column-4\">14,8 km<\/td><td class=\"column-5\">4:40 h<\/td><td class=\"column-6\">&nbsp;&nbsp;666 m<\/td><td class=\"column-7\">1 205 m<\/td><td class=\"column-8\"><a href=\"https:\/\/www.muehles.de\/?p=10021\" target=\"_blank\" rel=\"noopener noreferrer\">2019-05-09<\/a><\/td>\n<\/tr>\n<tr class=\"row-8\">\n\t<td class=\"column-1\">Cuber Stausee<\/td><td class=\"column-2\">mittel<\/td><td class=\"column-3\">Serra de Tramuntana<\/td><td class=\"column-4\">16,1 km<\/td><td class=\"column-5\">4:40 h<\/td><td class=\"column-6\">1 164 m<\/td><td class=\"column-7\">1 091 m<\/td><td class=\"column-8\"><a href=\"https:\/\/www.muehles.de\/?p=10015\" target=\"_blank\" rel=\"noopener noreferrer\">2019-05-08<\/a><\/td>\n<\/tr>\n<tr class=\"row-9\">\n\t<td class=\"column-1\">Valldemossa nach Port de Soler<\/td><td class=\"column-2\">schwer<\/td><td class=\"column-3\">Serra de Tramuntana<\/td><td class=\"column-4\">19,6 km<\/td><td class=\"column-5\">5:50 h<\/td><td class=\"column-6\">&nbsp;&nbsp;845 m<\/td><td class=\"column-7\">&nbsp;&nbsp;944 m<\/td><td class=\"column-8\"><a href=\"https:\/\/www.muehles.de\/?p=10012\" target=\"_blank\" rel=\"noopener noreferrer\">2019-05-07<\/a><\/td>\n<\/tr>\n<tr class=\"row-10\">\n\t<td class=\"column-1\">Estellencs nach Esporles<\/td><td class=\"column-2\">mittel<\/td><td class=\"column-3\">Serra de Tramuntana<\/td><td class=\"column-4\">15,5 km<\/td><td class=\"column-5\">4:10 h<\/td><td class=\"column-6\">&nbsp;&nbsp;439 m<\/td><td class=\"column-7\">&nbsp;&nbsp;470 m<\/td><td class=\"column-8\"><a href=\"https:\/\/www.muehles.de\/?p=10004\" target=\"_blank\" rel=\"noopener noreferrer\">2019-05-06<\/a><\/td>\n<\/tr>\n<tr class=\"row-11\">\n\t<td class=\"column-1\">San Salvatore<\/td><td class=\"column-2\">mittel<\/td><td class=\"column-3\">Luganer See<\/td><td class=\"column-4\">15,1 km<\/td><td class=\"column-5\">4:15 h<\/td><td class=\"column-6\">&nbsp;&nbsp;636 m<\/td><td class=\"column-7\">&nbsp;&nbsp;912 m<\/td><td class=\"column-8\"><a href=\"https:\/\/www.muehles.de\/?p=9626\" target=\"_blank\" rel=\"noopener noreferrer\">2018-10-09<\/a><\/td>\n<\/tr>\n<tr class=\"row-12\">\n\t<td class=\"column-1\">Zugspitze<\/td><td class=\"column-2\">schwer<\/td><td class=\"column-3\">Knorrh\u00fctte<\/td><td class=\"column-4\">11,6 km<\/td><td class=\"column-5\">4:55 h<\/td><td class=\"column-6\">1 647 m<\/td><td class=\"column-7\">2 955 m<\/td><td class=\"column-8\"><a href=\"https:\/\/www.muehles.de\/?p=8935\" target=\"_blank\" rel=\"noopener noreferrer\">2018-08-16<\/a><\/td>\n<\/tr>\n<tr class=\"row-13\">\n\t<td class=\"column-1\">Unterhalb Krottenkopf<\/td><td class=\"column-2\">schwer<\/td><td class=\"column-3\">Bernhardseck<\/td><td class=\"column-4\">13,0 km<\/td><td class=\"column-5\">5:35 h<\/td><td class=\"column-6\">&nbsp;&nbsp;777 m<\/td><td class=\"column-7\">2 270 m<\/td><td class=\"column-8\"><a href=\"https:\/\/www.muehles.de\/?p=8884\" target=\"_blank\" rel=\"noopener noreferrer\">2018-08-05<\/a><\/td>\n<\/tr>\n<tr class=\"row-14\">\n\t<td class=\"column-1\">Brentenjoch<\/td><td class=\"column-2\">mittel<\/td><td class=\"column-3\">Tannheimer Berge<\/td><td class=\"column-4\">10,3 km<\/td><td class=\"column-5\">4:10 h<\/td><td class=\"column-6\">&nbsp;&nbsp;927 m<\/td><td class=\"column-7\">2 001 m<\/td><td class=\"column-8\"><a href=\"https:\/\/www.muehles.de\/?p=8585\" target=\"_blank\" rel=\"noopener noreferrer\">2018-05-28<\/a><\/td>\n<\/tr>\n<tr class=\"row-15\">\n\t<td class=\"column-1\">Rohnenspitze<\/td><td class=\"column-2\">mittel<\/td><td class=\"column-3\">Mittlere Stuibenalpe<\/td><td class=\"column-4\">11,4 km<\/td><td class=\"column-5\">4:30 h<\/td><td class=\"column-6\">1 042 m<\/td><td class=\"column-7\">1 990 m<\/td><td class=\"column-8\"><a href=https:\/\/www.muehles.de\/?p=8250>2017-10-21<\/a><\/td>\n<\/tr>\n<tr class=\"row-16\">\n\t<td class=\"column-1\">Dillinger Weg<\/td><td class=\"column-2\">schwer<\/td><td class=\"column-3\">Gappenfelder Notl\u00e4nd<\/td><td class=\"column-4\">16,9 km<\/td><td class=\"column-5\">5:25 h<\/td><td class=\"column-6\">1 114 m<\/td><td class=\"column-7\">1 998 m<\/td><td class=\"column-8\"><a href=\"https:\/\/www.muehles.de\/?p=8177\" target=\"_blank\" rel=\"noopener noreferrer\">2017-10-14<\/a><\/td>\n<\/tr>\n<tr class=\"row-17\">\n\t<td class=\"column-1\">Ostlerh\u00fctte<\/td><td class=\"column-2\">mittel<\/td><td class=\"column-3\">Breitenberg<\/td><td class=\"column-4\">14,6 km<\/td><td class=\"column-5\">3:40 h<\/td><td class=\"column-6\">&nbsp;&nbsp;891 m<\/td><td class=\"column-7\">1 824 m<\/td><td class=\"column-8\"><a href=\"https:\/\/www.muehles.de\/?p=6969\" target=\"_blank\" rel=\"noopener noreferrer\">2017-09-13<\/a><\/td>\n<\/tr>\n<tr class=\"row-18\">\n\t<td class=\"column-1\">Erster Teil des Lechweges<\/td><td class=\"column-2\">mittel<\/td><td class=\"column-3\">Lechquellenrunde<\/td><td class=\"column-4\">16,5 km<\/td><td class=\"column-5\">3:55 h<\/td><td class=\"column-6\">&nbsp;&nbsp;&nbsp;59 m<\/td><td class=\"column-7\">1 931 m<\/td><td class=\"column-8\"><a href=\"https:\/\/www.muehles.de\/?p=6967\" target=\"_blank\" rel=\"noopener noreferrer\">2017-09-12<\/a><\/td>\n<\/tr>\n<tr class=\"row-19\">\n\t<td class=\"column-1\">\u00dcber den Gehrengrat<\/td><td class=\"column-2\">schwer<\/td><td class=\"column-3\">Lechquellenrunde<\/td><td class=\"column-4\">11,9 km<\/td><td class=\"column-5\">5:00 h<\/td><td class=\"column-6\">&nbsp;&nbsp;677 m<\/td><td class=\"column-7\">2 421 m<\/td><td class=\"column-8\"><a href=\"https:\/\/www.muehles.de\/?p=6967\" target=\"_blank\" rel=\"noopener noreferrer\">2017-09-11<\/a><\/td>\n<\/tr>\n<tr class=\"row-20\">\n\t<td class=\"column-1\">L\u00e4uferspitze<\/td><td class=\"column-2\">schwer<\/td><td class=\"column-3\">Vilser Alm und Scharte<\/td><td class=\"column-4\">14,8 km<\/td><td class=\"column-5\">4:20 h<\/td><td class=\"column-6\">1 167 m<\/td><td class=\"column-7\">1 956 m<\/td><td class=\"column-8\"><a href=\"https:\/\/www.muehles.de\/?p=6955\" target=\"_blank\" rel=\"noopener noreferrer\">2017-09-07<\/a><\/td>\n<\/tr>\n<tr class=\"row-21\">\n\t<td class=\"column-1\">Um die K\u00f6llenspitze<\/td><td class=\"column-2\">schwer<\/td><td class=\"column-3\">Nesselw\u00e4ngler Scharte<\/td><td class=\"column-4\">12,9 km<\/td><td class=\"column-5\">3:55 h<\/td><td class=\"column-6\">1 274 m<\/td><td class=\"column-7\">2 010 m<\/td><td class=\"column-8\"><a href=\"https:\/\/www.muehles.de\/?p=6690\" target=\"_blank\" rel=\"noopener noreferrer\">2017-08-15<\/a><\/td>\n<\/tr>\n<tr class=\"row-22\">\n\t<td class=\"column-1\">Litnis \u00dcberschreitung<\/td><td class=\"column-2\">schwer<\/td><td class=\"column-3\">Krinnenspitze<br \/>\nNesselw\u00e4ngler Edenalpe<\/td><td class=\"column-4\">13,2 km<\/td><td class=\"column-5\">4:55 h<\/td><td class=\"column-6\">1 221 m<\/td><td class=\"column-7\">2 069 m<\/td><td class=\"column-8\"><a href=\"https:\/\/www.muehles.de\/?p=6685\" target=\"_blank\" rel=\"noopener noreferrer\">2017-08-14<\/a><\/td>\n<\/tr>\n<tr class=\"row-23\">\n\t<td class=\"column-1\">Klammspitz<\/td><td class=\"column-2\">schwer<\/td><td class=\"column-3\">Auf- und Abstieg gleich<\/td><td class=\"column-4\">11,0 km<\/td><td class=\"column-5\">5:25 h<\/td><td class=\"column-6\">&nbsp;&nbsp;961 m<\/td><td class=\"column-7\">1 924 m<\/td><td class=\"column-8\"><a href=\"https:\/\/www.muehles.de\/?p=6682\" target=\"_blank\" rel=\"noopener noreferrer\">2017-08-13<\/a><\/td>\n<\/tr>\n<tr class=\"row-24\">\n\t<td class=\"column-1\">Dreiangelh\u00fctte<\/td><td class=\"column-2\">mittel<\/td><td class=\"column-3\">im Regen<\/td><td class=\"column-4\">15,1 km<\/td><td class=\"column-5\">3:25 h<\/td><td class=\"column-6\">&nbsp;&nbsp;580 m<\/td><td class=\"column-7\">1 356 m<\/td><td class=\"column-8\"><a href=\"https:\/\/www.muehles.de\/?p=5231\" target=\"_blank\" rel=\"noopener noreferrer\">2016-10-23<\/a><\/td>\n<\/tr>\n<tr class=\"row-25\">\n\t<td class=\"column-1\">Cima d'Oro<\/td><td class=\"column-2\">mittel<\/td><td class=\"column-3\">oberhalb Ledrosee<\/td><td class=\"column-4\">13,1 km<\/td><td class=\"column-5\">4:25 h<\/td><td class=\"column-6\">1 141m<\/td><td class=\"column-7\">1 802 m<\/td><td class=\"column-8\"><a href=\"https:\/\/www.muehles.de\/?p=5127\" target=\"_blank\" rel=\"noopener noreferrer\">2016-10-10<\/a><\/td>\n<\/tr>\n<tr class=\"row-26\">\n\t<td class=\"column-1\">Gr\u00fcnten<\/td><td class=\"column-2\">schwer<\/td><td class=\"column-3\">Rundkurs<\/td><td class=\"column-4\">18,2 km<\/td><td class=\"column-5\">4:25 h<\/td><td class=\"column-6\">&nbsp;&nbsp;898 m<\/td><td class=\"column-7\">1 738 m<\/td><td class=\"column-8\"><a href=\"https:\/\/www.muehles.de\/?p=5079\" target=\"_blank\" rel=\"noopener noreferrer\">2016-10-01<\/a><\/td>\n<\/tr>\n<tr class=\"row-27\">\n\t<td class=\"column-1\">Roter Stein<\/td><td class=\"column-2\">schwer<\/td><td class=\"column-3\">Gipfel 100<\/td><td class=\"column-4\">12,6 km<\/td><td class=\"column-5\">5:10 h<\/td><td class=\"column-6\">1 354 m<\/td><td class=\"column-7\">2 366 m<\/td><td class=\"column-8\"><a href=\"https:\/\/www.muehles.de\/?p=4970\" target=\"_blank\" rel=\"noopener noreferrer\">2016-09-03<\/a><\/td>\n<\/tr>\n<tr class=\"row-28\">\n\t<td class=\"column-1\">Klimmspitze<\/td><td class=\"column-2\">schwer<\/td><td class=\"column-3\">Auf- und Abstieg gleich<\/td><td class=\"column-4\">&nbsp;9,8 km<\/td><td class=\"column-5\">5:35 h<\/td><td class=\"column-6\">1 493 m<\/td><td class=\"column-7\">2 464 m<\/td><td class=\"column-8\"><a href=\"https:\/\/www.muehles.de\/?p=4867\" target=\"_blank\" rel=\"noopener noreferrer\">2016-08-08<\/a><\/td>\n<\/tr>\n<tr class=\"row-29\">\n\t<td class=\"column-1\">Gaishorn<\/td><td class=\"column-2\">schwer<\/td><td class=\"column-3\">\u00c4lpele<\/td><td class=\"column-4\">13,6 km<\/td><td class=\"column-5\">5:55 h<\/td><td class=\"column-6\">1 211 m<\/td><td class=\"column-7\">2 247 m<\/td><td class=\"column-8\"><a href=\"https:\/\/www.muehles.de\/?p=4852\" target=\"_blank\" rel=\"noopener noreferrer\">2016-08-06<\/a><\/td>\n<\/tr>\n<tr class=\"row-30\">\n\t<td class=\"column-1\">Gaichtspitze<\/td><td class=\"column-2\">schwer<\/td><td class=\"column-3\">Schneetalalm<\/td><td class=\"column-4\">12,0 km<\/td><td class=\"column-5\">4:25 h<\/td><td class=\"column-6\">1 028 m<\/td><td class=\"column-7\">1 988 m<\/td><td class=\"column-8\"><a href=\"https:\/\/www.muehles.de\/?p=4772\" target=\"_blank\" rel=\"noopener noreferrer\">2016-07-09<\/a><\/td>\n<\/tr>\n<tr class=\"row-31\">\n\t<td class=\"column-1\">Sulzspitze<\/td><td class=\"column-2\">mittel<\/td><td class=\"column-3\">Gappenfeldalpe<\/td><td class=\"column-4\">14,0 km<\/td><td class=\"column-5\">4:30 h<\/td><td class=\"column-6\">1 095 m<\/td><td class=\"column-7\">2 084 m<\/td><td class=\"column-8\"><a href=\"https:\/\/www.muehles.de\/?p=4735\" target=\"_blank\" rel=\"noopener noreferrer\">2016-07-03<\/a><\/td>\n<\/tr>\n<tr class=\"row-32\">\n\t<td class=\"column-1\">Pico Ruivo do Paul<\/td><td class=\"column-2\">mittel<\/td><td class=\"column-3\">Madeira<\/td><td class=\"column-4\">13,4 km<\/td><td class=\"column-5\">5:00 h<\/td><td class=\"column-6\">&nbsp;&nbsp;864 m<\/td><td class=\"column-7\">1 640 m<\/td><td class=\"column-8\"><a href=\"https:\/\/www.muehles.de\/?p=4579\" target=\"_blank\" rel=\"noopener noreferrer\">2016-05-11<\/a><\/td>\n<\/tr>\n<tr class=\"row-33\">\n\t<td class=\"column-1\">von Pico das Pedras zu zwei Kesseln und einem Tunnel<\/td><td class=\"column-2\">mittel<\/td><td class=\"column-3\">Madeira<\/td><td class=\"column-4\">22,8 km<\/td><td class=\"column-5\">7:00 h<\/td><td class=\"column-6\">&nbsp;&nbsp;292 m<\/td><td class=\"column-7\">1 170 m<\/td><td class=\"column-8\"><a href=\"https:\/\/www.muehles.de\/?p=4572\" target=\"_blank\" rel=\"noopener noreferrer\">2016-05-08<\/a><\/td>\n<\/tr>\n<tr class=\"row-34\">\n\t<td class=\"column-1\">Nordost K\u00fcste, n\u00f6rdlich von Machico<\/td><td class=\"column-2\">mittel<\/td><td class=\"column-3\">Madeira<\/td><td class=\"column-4\">17,0 km<\/td><td class=\"column-5\">5:00 h<\/td><td class=\"column-6\">&nbsp;&nbsp;485 m<\/td><td class=\"column-7\">&nbsp;&nbsp;405 m<\/td><td class=\"column-8\"><a href=\"https:\/\/www.muehles.de\/?p=4570\" target=\"_blank\" rel=\"noopener noreferrer\">2016-05-07<\/a><\/td>\n<\/tr>\n<tr class=\"row-35\">\n\t<td class=\"column-1\">Zirmgrat<\/td><td class=\"column-2\">mittel<\/td><td class=\"column-3\">Salober Alm<\/td><td class=\"column-4\">15,8 km<\/td><td class=\"column-5\">3:45 h<\/td><td class=\"column-6\">&nbsp;&nbsp;619 m<\/td><td class=\"column-7\">1 295 m<\/td><td class=\"column-8\"><a href=\"https:\/\/www.muehles.de\/?p=3620\" target=\"_blank\" rel=\"noopener noreferrer\">2015-10-02<\/a><\/td>\n<\/tr>\n<tr class=\"row-36\">\n\t<td class=\"column-1\">Frederick Simms H\u00fctte<\/td><td class=\"column-2\">mittel<\/td><td class=\"column-3\">Sulzalm<\/td><td class=\"column-4\">15,2 km<\/td><td class=\"column-5\">4:00 h<\/td><td class=\"column-6\">&nbsp;&nbsp;931 m<\/td><td class=\"column-7\">&nbsp;&nbsp;931 m<\/td><td class=\"column-8\"><a href=\"https:\/\/www.muehles.de\/?p=3564\" target=\"_blank\" rel=\"noopener noreferrer\">2015-09-29<\/a><\/td>\n<\/tr>\n<tr class=\"row-37\">\n\t<td class=\"column-1\">Bernhardstal<\/td><td class=\"column-2\">schwer<\/td><td class=\"column-3\">Hermann von Barth H\u00fctte<\/td><td class=\"column-4\">13,4 km<\/td><td class=\"column-5\">4:55 h<\/td><td class=\"column-6\">1 166 m<\/td><td class=\"column-7\">1 166 m<\/td><td class=\"column-8\"><a href=\"https:\/\/www.muehles.de\/?p=3403\" target=\"_blank\" rel=\"noopener noreferrer\">2015-09-12<\/a><\/td>\n<\/tr>\n<tr class=\"row-38\">\n\t<td class=\"column-1\">Krinnenspitze<\/td><td class=\"column-2\">mittel<\/td><td class=\"column-3\">Familienwanderung<\/td><td class=\"column-4\">13,5 km<\/td><td class=\"column-5\">5:05 h<\/td><td class=\"column-6\">&nbsp;&nbsp;876 m<\/td><td class=\"column-7\">2 001 m<\/td><td class=\"column-8\"><a href=\"https:\/\/www.muehles.de\/?p=3175\" target=\"_blank\" rel=\"noopener noreferrer\">2015-06-04<\/a><\/td>\n<\/tr>\n<tr class=\"row-39\">\n\t<td class=\"column-1\">Aufstieg zum Mittag<\/td><td class=\"column-2\">mittel<\/td><td class=\"column-3\">Nagelfluhkette<\/td><td class=\"column-4\">12,3 km<\/td><td class=\"column-5\">4:40 h<\/td><td class=\"column-6\">1 212 m<\/td><td class=\"column-7\">1 747 m<\/td><td class=\"column-8\"><a href=\"https:\/\/www.muehles.de\/?p=1374\" target=\"_blank\" rel=\"noopener noreferrer\">2014-10-03<\/a><\/td>\n<\/tr>\n<tr class=\"row-40\">\n\t<td class=\"column-1\">Kammwanderung<\/td><td class=\"column-2\">mittel<\/td><td class=\"column-3\">Nagelfluhkette<\/td><td class=\"column-4\">13,9 km<\/td><td class=\"column-5\">5:45 h<\/td><td class=\"column-6\">1 190 m<\/td><td class=\"column-7\">1 835 m<\/td><td class=\"column-8\"><a href=\"https:\/\/www.muehles.de\/?p=1372\" target=\"_blank\" rel=\"noopener noreferrer\">2014-10-04<\/a><\/td>\n<\/tr>\n<tr class=\"row-41\">\n\t<td class=\"column-1\">Rote Spitze<\/td><td class=\"column-2\">mittel<\/td><td class=\"column-3\">Landsberger H\u00fctte<\/td><td class=\"column-4\">11,1 km<\/td><td class=\"column-5\">3:35 h<\/td><td class=\"column-6\">&nbsp;&nbsp;973 m<\/td><td class=\"column-7\">2 130 m<\/td><td class=\"column-8\"><a href=\"https:\/\/www.muehles.de\/?p=1345\" target=\"_blank\" rel=\"noopener noreferrer\">2014-09-28<\/a><\/td>\n<\/tr>\n<tr class=\"row-42\">\n\t<td class=\"column-1\">Branderschrofen<\/td><td class=\"column-2\">schwer<\/td><td class=\"column-3\">Bleckenau<\/td><td class=\"column-4\">17,1 km<\/td><td class=\"column-5\">5:40 h<\/td><td class=\"column-6\">1 152 m<\/td><td class=\"column-7\">1 880 m<\/td><td class=\"column-8\"><a href=\"https:\/\/www.muehles.de\/?p=1190\" target=\"_blank\" rel=\"noopener noreferrer\">2014-09-15<\/a><\/td>\n<\/tr>\n<tr class=\"row-43\">\n\t<td class=\"column-1\">Ponten - B'schie\u00dfer<\/td><td class=\"column-2\">schwer<\/td><td class=\"column-3\">Hinterstein<\/td><td class=\"column-4\">13,5 km<\/td><td class=\"column-5\">5:55 h<\/td><td class=\"column-6\">1 311 m<\/td><td class=\"column-7\">2 045 m<\/td><td class=\"column-8\"><a href=\"https:\/\/www.muehles.de\/?p=251\" target=\"_blank\" rel=\"noopener noreferrer\">2014-07-03<\/a><\/td>\n<\/tr>\n<tr class=\"row-44\">\n\t<td class=\"column-1\">Vilsalpsee - Schrecksee - Lachensee - Traualpsee<\/td><td class=\"column-2\">schwer<\/td><td class=\"column-3\">Seenrunde<\/td><td class=\"column-4\">17,0 km<\/td><td class=\"column-5\">7:45 h<\/td><td class=\"column-6\">1 384 m<\/td><td class=\"column-7\">1 998 m<\/td><td class=\"column-8\"><a href=\"https:\/\/www.muehles.de\/?p=35\" target=\"_blank\" rel=\"noopener noreferrer\">2014-06-07<\/a><\/td>\n<\/tr>\n<tr class=\"row-45\">\n\t<td class=\"column-1\">Lechaschau - Hahlekopf - Gehrenjoch - Lechaschau<\/td><td class=\"column-2\">schwer<\/td><td class=\"column-3\">Hahlekopf<\/td><td class=\"column-4\">13,9 km<\/td><td class=\"column-5\">5:35 h<\/td><td class=\"column-6\">1 300 m<\/td><td class=\"column-7\">1 859 m<\/td><td class=\"column-8\"><a href=\"https:\/\/www.muehles.de\/?p=11959\" target=\"_blank\" rel=\"noopener noreferrer\">2020-09-19<\/a><\/td>\n<\/tr>\n<tr class=\"row-46\">\n\t<td class=\"column-1\">Schneetalalm - Gaichtspitze<\/td><td class=\"column-2\">mittel<\/td><td class=\"column-3\">Gaichtspitze<\/td><td class=\"column-4\">12,3 km<\/td><td class=\"column-5\">4:40 h<\/td><td class=\"column-6\">1 049 m<\/td><td class=\"column-7\">1 986 m<\/td><td class=\"column-8\"><a href=\"https:\/\/www.muehles.de\/?p=11927\" target=\"_blank\" rel=\"noopener noreferrer\">2020-08-08<\/a><\/td>\n<\/tr>\n<tr class=\"row-47\">\n\t<td class=\"column-1\">Ammerwald - J\u00e4gerh\u00fctte - Ochsen\u00e4lpeleskopf<\/td><td class=\"column-2\">mittel<\/td><td class=\"column-3\">Ochsen\u00e4lpeleskopf<\/td><td class=\"column-4\">14,5 km<\/td><td class=\"column-5\">4:35 h<\/td><td class=\"column-6\">&nbsp;&nbsp;954 m<\/td><td class=\"column-7\">1 905 m<\/td><td class=\"column-8\"><a href=\"https:\/\/www.muehles.de\/?p=11780\" target=\"_blank\" rel=\"noopener noreferrer\">2020-07-09<\/a><\/td>\n<\/tr>\n<\/tbody>\n<\/table>\n<!-- #tablepress-4 from cache -->","protected":false},"excerpt":{"rendered":"Ausgew\u00e4hlte Touren Strecke \u00fcber 11 km, Anstieg \u00fcber 800 m, Dauer \u00fcber 4 Stunden","protected":false},"author":1,"featured_media":0,"parent":0,"menu_order":0,"comment_status":"closed","ping_status":"closed","template":"","meta":{"footnotes":""},"class_list":["post-8150","page","type-page","status-publish","hentry"],"_links":{"self":[{"href":"https:\/\/www.muehles.de\/index.php?rest_route=\/wp\/v2\/pages\/8150","targetHints":{"allow":["GET"]}}],"collection":[{"href":"https:\/\/www.muehles.de\/index.php?rest_route=\/wp\/v2\/pages"}],"about":[{"href":"https:\/\/www.muehles.de\/index.php?rest_route=\/wp\/v2\/types\/page"}],"author":[{"embeddable":true,"href":"https:\/\/www.muehles.de\/index.php?rest_route=\/wp\/v2\/users\/1"}],"replies":[{"embeddable":true,"href":"https:\/\/www.muehles.de\/index.php?rest_route=%2Fwp%2Fv2%2Fcomments&post=8150"}],"version-history":[{"count":5,"href":"https:\/\/www.muehles.de\/index.php?rest_route=\/wp\/v2\/pages\/8150\/revisions"}],"predecessor-version":[{"id":10969,"href":"https:\/\/www.muehles.de\/index.php?rest_route=\/wp\/v2\/pages\/8150\/revisions\/10969"}],"wp:attachment":[{"href":"https:\/\/www.muehles.de\/index.php?rest_route=%2Fwp%2Fv2%2Fmedia&parent=8150"}],"curies":[{"name":"wp","href":"https:\/\/api.w.org\/{rel}","templated":true}]}}