{"id":8618,"date":"2018-06-04T21:11:01","date_gmt":"2018-06-04T19:11:01","guid":{"rendered":"https:\/\/www.muehles.de\/?page_id=8618"},"modified":"2018-06-09T13:57:31","modified_gmt":"2018-06-09T11:57:31","slug":"impressum","status":"publish","type":"page","link":"https:\/\/www.muehles.de\/?page_id=8618","title":{"rendered":"Impressum"},"content":{"rendered":"<h3>Wer wir sind<\/h3>\r\n<p>Die Adresse unserer Website ist: <strong>https:\/\/www.muehles.de<\/strong><\/p>\r\n<p>Andreas aus Kaufering: <strong>s a m &#8211; m u e h l e<\/strong> at <strong>w e b . d e<\/strong><\/p>\r\n\r\n<h3>Haftung f\u00fcr Inhalte<\/h3>\r\n<p style=\"text-align: justify;\">Als Diensteanbieter sind wir gem\u00e4\u00df \u00a7 7 Abs.1 TMG f\u00fcr eigene Inhalte auf diesen Seiten nach den allgemeinen Gesetzen verantwortlich. Nach \u00a7\u00a7 8 bis 10 TMG sind wir als Diensteanbieter jedoch nicht verpflichtet, \u00fcbermittelte oder gespeicherte fremde Informationen zu \u00fcberwachen oder nach Umst\u00e4nden zu forschen, die auf eine rechtswidrige T\u00e4tigkeit hinweisen.<\/p>\r\n\r\n<p style=\"text-align: justify;\">Verpflichtungen zur Entfernung oder Sperrung der Nutzung von Informationen nach den allgemeinen Gesetzen bleiben hiervon unber\u00fchrt. Eine diesbez\u00fcgliche Haftung ist jedoch erst ab dem Zeitpunkt der Kenntnis einer konkreten Rechtsverletzung m\u00f6glich. Bei Bekanntwerden von entsprechenden Rechtsverletzungen werden wir diese Inhalte umgehend entfernen.<\/p>\r\n\r\n<h3>Haftung f\u00fcr Links<\/h3>\r\n<p style=\"text-align: justify;\">Unser Angebot enth\u00e4lt Links zu externen Websites Dritter, auf deren Inhalte wir keinen Einfluss haben. Deshalb k\u00f6nnen wir f\u00fcr diese fremden Inhalte auch keine Gew\u00e4hr \u00fcbernehmen. F\u00fcr die Inhalte der verlinkten Seiten ist stets der jeweilige Anbieter oder Betreiber der Seiten verantwortlich. Die verlinkten  Seiten wurden zum Zeitpunkt der Verlinkung auf m\u00f6gliche Rechtsverst\u00f6\u00dfe \u00fcberpr\u00fcft. Rechtswidrige Inhalte waren zum Zeitpunkt der Verlinkung nicht erkennbar.<\/p>\r\n\r\n<p style=\"text-align: justify;\">Eine permanente inhaltliche Kontrolle der verlinkten Seiten ist jedoch ohne konkrete Anhaltspunkte einer Rechtsverletzung nicht zumutbar. Bei Bekanntwerden von Rechtsverletzungen werden wir derartige Links umgehend entfernen.<\/p>\r\n\r\n<p style=\"text-align: justify;\">Diese Websites k\u00f6nnen Daten \u00fcber dich sammeln, Cookies benutzen, zus\u00e4tzliche Tracking-Dienste von Dritten einbetten und deine Interaktion mit diesem eingebetteten Inhalt aufzeichnen, inklusive deiner Interaktion mit dem eingebetteten Inhalt, falls du ein Konto hast und auf dieser Website angemeldet bist.<\/p>\r\n\r\n<h3>Eingebettete Inhalte von anderen Websites<\/h3>\t \t \r\n\r\n<p style=\"text-align: justify;\">Beitr\u00e4ge auf dieser Website k\u00f6nnen eingebettete Inhalte beinhalten (z. B. Videos, Bilder, Beitr\u00e4ge, Maps etc.). Eingebettete Inhalte von anderen Websites verhalten sich exakt so, als ob der Besucher die andere Website besucht h\u00e4tte.<\/p>\r\n\r\n<h3>Google Maps<\/h3>\r\n\r\n<p style=\"text-align: justify;\">Wir binden die Landkarten des Dienstes \u201cGoogle Maps\u201d des Anbieters Google LLC, 1600 Amphitheatre Parkway, Mountain View, CA 94043, USA, ein. Zu den verarbeiteten Daten k\u00f6nnen insbesondere IP-Adressen und Standortdaten der Nutzer geh\u00f6ren, die jedoch nicht ohne deren Einwilligung (im Regelfall im Rahmen der Einstellungen ihrer Mobilger\u00e4te vollzogen), erhoben werden. Die Daten k\u00f6nnen in den USA verarbeitet werden.<\/p>\r\n\r\nDatenschutzerkl\u00e4rung: https:\/\/www.google.com\/policies\/privacy\/,<br \/>\r\nOpt-Out: https:\/\/adssettings.google.com\/authenticated.<p>\r\n\r\n<h3>OpenStreetMap<\/h3>\r\n\r\n<\/p><p style=\"text-align: justify;\">Wir binden die Landkarten des Dienstes &#8222;OpenStreetMap&#8220; ein (https:\/\/www.openstreetmap.de), die auf Grundlage der Open Data Commons Open Database Lizenz (ODbL) durch die OpenStreetMap Foundation (OSMF) angeboten werden. Datenschutzerkl\u00e4rung:<br \/>\r\nhttps:\/\/wiki.openstreetmap.org\/wiki\/Privacy_Policy.<\/p>\r\n\r\n<p style=\"text-align: justify;\">Nach unserer Kenntnis werden die Daten der Nutzer durch OpenStreetMap ausschlie\u00dflich zu Zwecken der Darstellung der Kartenfunktionen und Zwischenspeicherung der gew\u00e4hlten Einstellungen verwendet. Zu diesen Daten k\u00f6nnen insbesondere IP-Adressen und Standortdaten der Nutzer geh\u00f6ren, die jedoch nicht ohne deren Einwilligung (im Regelfall im Rahmen der Einstellungen ihrer Mobilger\u00e4te vollzogen), erhoben werden.<\/p>\r\n\r\n<p style=\"text-align: justify;\">Die Daten k\u00f6nnen in den USA verarbeitet werden. Weitere Informationen k\u00f6nnen Sie der Datenschutzerkl\u00e4rung von OpenStreetMap entnehmen:<br \/>\r\nhttps:\/\/wiki.openstreetmap.org\/wiki\/Privacy_Policy.<\/p>\r\n\r\n<h3>Urheberrecht<\/h3>\r\n<p style=\"text-align: justify;\">Die durch die Seitenbetreiber erstellten Inhalte und Werke auf diesen Seiten unterliegen dem deutschen Urheberrecht. Die Vervielf\u00e4ltigung, Bearbeitung, Verbreitung und jede Art der Verwertung au\u00dferhalb der Grenzen des Urheberrechtes bed\u00fcrfen der schriftlichen Zustimmung des jeweiligen Autors bzw. Erstellers. Downloads und Kopien dieser Seite sind nur f\u00fcr den privaten, nicht kommerziellen Gebrauch gestattet.<\/p>\r\n\r\n<p style=\"text-align: justify;\">Soweit die Inhalte auf dieser Seite nicht vom Betreiber erstellt wurden, werden die Urheberrechte Dritter beachtet. Insbesondere werden Inhalte Dritter als solche gekennzeichnet. Sollten Sie trotzdem auf eine Urheberrechtsverletzung aufmerksam werden, bitten wir um einen entsprechenden Hinweis. Bei Bekanntwerden von Rechtsverletzungen werden wir derartige Inhalte umgehend entfernen.<\/p>\r\n\r\nQuelle: <a href=\"https:\/\/www.e-recht24.de\">eRecht24<\/a>","protected":false},"excerpt":{"rendered":"Wer wir sind Die Adresse unserer Website ist: https:\/\/www.muehles.de Andreas aus Kaufering: s a m &#8211; m u e h l e at w e b . d e Haftung f\u00fcr Inhalte Als Diensteanbieter sind wir gem\u00e4\u00df \u00a7 7 Abs.1 TMG f\u00fcr eigene Inhalte auf diesen Seiten nach den allgemeinen Gesetzen verantwortlich. Nach \u00a7\u00a7 8 [&hellip;]","protected":false},"author":1,"featured_media":0,"parent":0,"menu_order":0,"comment_status":"closed","ping_status":"closed","template":"","meta":{"footnotes":""},"class_list":["post-8618","page","type-page","status-publish","hentry"],"_links":{"self":[{"href":"https:\/\/www.muehles.de\/index.php?rest_route=\/wp\/v2\/pages\/8618","targetHints":{"allow":["GET"]}}],"collection":[{"href":"https:\/\/www.muehles.de\/index.php?rest_route=\/wp\/v2\/pages"}],"about":[{"href":"https:\/\/www.muehles.de\/index.php?rest_route=\/wp\/v2\/types\/page"}],"author":[{"embeddable":true,"href":"https:\/\/www.muehles.de\/index.php?rest_route=\/wp\/v2\/users\/1"}],"replies":[{"embeddable":true,"href":"https:\/\/www.muehles.de\/index.php?rest_route=%2Fwp%2Fv2%2Fcomments&post=8618"}],"version-history":[{"count":11,"href":"https:\/\/www.muehles.de\/index.php?rest_route=\/wp\/v2\/pages\/8618\/revisions"}],"predecessor-version":[{"id":8653,"href":"https:\/\/www.muehles.de\/index.php?rest_route=\/wp\/v2\/pages\/8618\/revisions\/8653"}],"wp:attachment":[{"href":"https:\/\/www.muehles.de\/index.php?rest_route=%2Fwp%2Fv2%2Fmedia&parent=8618"}],"curies":[{"name":"wp","href":"https:\/\/api.w.org\/{rel}","templated":true}]}}